{"id":190,"date":"2026-02-01T23:31:30","date_gmt":"2026-02-01T23:31:30","guid":{"rendered":"https:\/\/premiumdugulaselharitas.hu\/?page_id=190"},"modified":"2026-02-01T23:31:30","modified_gmt":"2026-02-01T23:31:30","slug":"tudnivalok","status":"publish","type":"page","link":"https:\/\/premiumdugulaselharitas.hu\/index.php\/tudnivalok\/","title":{"rendered":"Tudnival\u00f3k"},"content":{"rendered":"\n<h2 class=\"wp-block-heading\">Tudnival\u00f3k \u2013 Szolg\u00e1ltat\u00e1si Felt\u00e9telek<\/h2>\n\n\n\n<ul class=\"wp-block-list\">\n<li><strong>D\u00edjtalan kisz\u00e1ll\u00e1s:<\/strong>\u00a0A kisz\u00e1ll\u00e1s d\u00edjmentes, amennyiben a megrendelt szolg\u00e1ltat\u00e1s Budapest 150 km-es k\u00f6rzet\u00e9ben t\u00f6rt\u00e9nik.<\/li>\n\n\n\n<li><strong>Felm\u00e9r\u00e9s \u00e9s t\u00e1j\u00e9koztat\u00e1s:<\/strong>\u00a0A munkav\u00e9gz\u00e9s megkezd\u00e9se el\u0151tt szakembereink minden esetben elv\u00e9gzik a rendszer \u00e1llapot\u00e1nak helysz\u00edni felm\u00e9r\u00e9s\u00e9t. Ez alapj\u00e1n meg\u00e1llap\u00edtjuk a dugul\u00e1s ok\u00e1t, \u00e9s a megrendel\u0151t el\u0151zetesen, m\u00e9g a munkav\u00e9gz\u00e9s el\u0151tt, r\u00e9szletesen t\u00e1j\u00e9koztatjuk a v\u00e1rhat\u00f3 k\u00f6lts\u00e9gekr\u0151l.<\/li>\n\n\n\n<li><strong>Visszamond\u00e1s felt\u00e9telei:<\/strong>\u00a0Amennyiben a helysz\u00ednre t\u00f6rt\u00e9n\u0151 kisz\u00e1ll\u00e1s ut\u00e1n a megrendel\u0151 a szolg\u00e1ltat\u00e1st visszamondja, \u00fagy az alapd\u00edjon (14990 Ft) fel\u00fcl\u00a0<strong>20.000 Ft<\/strong>\u00a0+ \u00e1fa \u00f6sszeg\u0171 rezsik\u00f6lts\u00e9get sz\u00e1m\u00edtunk fel.<\/li>\n\n\n\n<li><strong>\u00c1rak:<\/strong>\u00a0Az oldalon felt\u00fcntetett \u00e1rak\u00a0<strong>nett\u00f3 \u00e1rak<\/strong>, az \u00e1ltal\u00e1nos forgalmi ad\u00f3t (\u00c1FA) nem tartalmazz\u00e1k.<\/li>\n<\/ul>\n","protected":false},"excerpt":{"rendered":"<p>Tudnival\u00f3k \u2013 Szolg\u00e1ltat\u00e1si Felt\u00e9telek<\/p>\n","protected":false},"author":1,"featured_media":0,"parent":0,"menu_order":0,"comment_status":"closed","ping_status":"closed","template":"","meta":{"two_page_speed":[],"footnotes":""},"class_list":["post-190","page","type-page","status-publish","hentry"],"_links":{"self":[{"href":"https:\/\/premiumdugulaselharitas.hu\/index.php\/wp-json\/wp\/v2\/pages\/190","targetHints":{"allow":["GET"]}}],"collection":[{"href":"https:\/\/premiumdugulaselharitas.hu\/index.php\/wp-json\/wp\/v2\/pages"}],"about":[{"href":"https:\/\/premiumdugulaselharitas.hu\/index.php\/wp-json\/wp\/v2\/types\/page"}],"author":[{"embeddable":true,"href":"https:\/\/premiumdugulaselharitas.hu\/index.php\/wp-json\/wp\/v2\/users\/1"}],"replies":[{"embeddable":true,"href":"https:\/\/premiumdugulaselharitas.hu\/index.php\/wp-json\/wp\/v2\/comments?post=190"}],"version-history":[{"count":1,"href":"https:\/\/premiumdugulaselharitas.hu\/index.php\/wp-json\/wp\/v2\/pages\/190\/revisions"}],"predecessor-version":[{"id":191,"href":"https:\/\/premiumdugulaselharitas.hu\/index.php\/wp-json\/wp\/v2\/pages\/190\/revisions\/191"}],"wp:attachment":[{"href":"https:\/\/premiumdugulaselharitas.hu\/index.php\/wp-json\/wp\/v2\/media?parent=190"}],"curies":[{"name":"wp","href":"https:\/\/api.w.org\/{rel}","templated":true}]}}